{"id":100775,"date":"2025-12-08T16:12:18","date_gmt":"2025-12-08T16:12:18","guid":{"rendered":"https:\/\/inmobi888.com\/dienstleistungen\/"},"modified":"2026-02-25T20:13:40","modified_gmt":"2026-02-25T20:13:40","slug":"dienstleistungen","status":"publish","type":"page","link":"https:\/\/inmobi888.com\/de\/dienstleistungen\/","title":{"rendered":"Dienstleistungen"},"content":{"rendered":"<p>[et_pb_section fb_built=&#8220;1&#8243; admin_label=&#8220;Header&#8220; _builder_version=&#8220;4.27.4&#8243; use_background_color_gradient=&#8220;on&#8220; background_color_gradient_stops=&#8220;rgba(31,31,38,0.88) 0%|rgba(31,31,38,0.24) 100%&#8220; background_color_gradient_overlays_image=&#8220;on&#8220; background_color_gradient_start=&#8220;rgba(31,31,38,0.88)&#8220; background_color_gradient_end=&#8220;rgba(31,31,38,0.24)&#8220; background_image=&#8220;https:\/\/inmobi888.com\/wp-content\/uploads\/2025\/12\/paper-texture.jpg&#8220; custom_padding=&#8220;6vw||0px||false|false&#8220; global_colors_info=&#8220;{}&#8220;][et_pb_row custom_padding_last_edited=&#8220;on|desktop&#8220; _builder_version=&#8220;4.27.4&#8243; use_background_color_gradient=&#8220;on&#8220; background_color_gradient_stops=&#8220;rgba(96,83,72,0.24) 0%|rgba(96,83,72,0.72) 100%&#8220; background_color_gradient_overlays_image=&#8220;on&#8220; background_color_gradient_start=&#8220;rgba(96,83,72,0.24)&#8220; background_color_gradient_end=&#8220;rgba(96,83,72,0.72)&#8220; background_image=&#8220;https:\/\/inmobi888.com\/wp-content\/uploads\/2025\/12\/cabecera_servicios.jpg&#8220; width=&#8220;90%&#8220; max_width=&#8220;none&#8220; module_alignment=&#8220;left&#8220; custom_margin_tablet=&#8220;|auto||0px|false|false&#8220; custom_margin_last_edited=&#8220;off|desktop&#8220; custom_padding=&#8220;10vw|20px|14vw|20px|false|true&#8220; custom_padding_tablet=&#8220;16vw||16vw||true|false&#8220; custom_padding_phone=&#8220;||||false|false&#8220; border_color_all=&#8220;#1f1f26&#8243; border_width_right=&#8220;8vw&#8220; locked=&#8220;off&#8220; global_colors_info=&#8220;{}&#8220;][et_pb_column type=&#8220;4_4&#8243; _builder_version=&#8220;4.16&#8243; global_colors_info=&#8220;{}&#8220;][et_pb_text _builder_version=&#8220;4.27.4&#8243; header_font=&#8220;Prata||||||||&#8220; header_text_align=&#8220;center&#8220; header_font_size=&#8220;120px&#8220; header_line_height=&#8220;1.2em&#8220; background_layout=&#8220;dark&#8220; header_font_size_tablet=&#8220;60px&#8220; header_font_size_phone=&#8220;35px&#8220; header_font_size_last_edited=&#8220;on|phone&#8220; global_colors_info=&#8220;{}&#8220;]<\/p>\n<h1>Unsere Dienstleistungen<\/h1>\n<p>[\/et_pb_text][\/et_pb_column][\/et_pb_row][et_pb_row column_structure=&#8220;1_2,1_2&#8243; make_equal=&#8220;on&#8220; _builder_version=&#8220;4.16&#8243; positioning=&#8220;absolute&#8220; position_origin_a=&#8220;bottom_left&#8220; position_origin_a_tablet=&#8220;&#8220; position_origin_a_phone=&#8220;&#8220; position_origin_a_last_edited=&#8220;on|desktop&#8220; position_origin_f_tablet=&#8220;&#8220; position_origin_f_phone=&#8220;&#8220; position_origin_f_last_edited=&#8220;on|desktop&#8220; position_origin_r_tablet=&#8220;&#8220; position_origin_r_phone=&#8220;&#8220; position_origin_r_last_edited=&#8220;on|desktop&#8220; width=&#8220;90%&#8220; max_width=&#8220;none&#8220; custom_margin=&#8220;|auto||0px|false|false&#8220; custom_padding=&#8220;0px||0px|10vw|true|false&#8220; positioning_tablet=&#8220;none&#8220; positioning_phone=&#8220;&#8220; positioning_last_edited=&#8220;on|tablet&#8220; box_shadow_style=&#8220;preset4&#8243; box_shadow_horizontal=&#8220;30vw&#8220; box_shadow_vertical=&#8220;0px&#8220; box_shadow_color=&#8220;#ffffff&#8220; locked=&#8220;off&#8220; global_colors_info=&#8220;{}&#8220;][et_pb_column type=&#8220;1_2&#8243; _builder_version=&#8220;4.16&#8243; custom_padding=&#8220;||||false|false&#8220; global_colors_info=&#8220;{}&#8220;][\/et_pb_column][et_pb_column type=&#8220;1_2&#8243; _builder_version=&#8220;4.16&#8243; background_color=&#8220;#bea88f&#8220; custom_padding=&#8220;60px|4%|60px|4%|true|true&#8220; global_colors_info=&#8220;{}&#8220;][et_pb_text _builder_version=&#8220;4.16&#8243; header_3_font=&#8220;Prata||||||||&#8220; header_3_font_size=&#8220;30px&#8220; header_3_line_height=&#8220;1.3em&#8220; background_layout=&#8220;dark&#8220; custom_margin=&#8220;||4px||false|false&#8220; header_3_font_size_tablet=&#8220;22px&#8220; header_3_font_size_phone=&#8220;20px&#8220; header_3_font_size_last_edited=&#8220;on|phone&#8220; locked=&#8220;off&#8220; global_colors_info=&#8220;{}&#8220;]<\/p>\n<h3>Bauen Sie Ihre Zukunft. Wir begleiten Sie. <\/h3>\n<p>[\/et_pb_text][et_pb_button button_text=&#8220;Beginnen Sie Ihre Reise noch heute&#8220; _builder_version=&#8220;4.27.4&#8243; custom_button=&#8220;on&#8220; button_text_size=&#8220;12px&#8220; button_bg_color=&#8220;rgba(0,0,0,0)&#8220; button_border_width=&#8220;0px&#8220; button_border_radius=&#8220;0px&#8220; button_letter_spacing=&#8220;2.6px&#8220; button_font=&#8220;|700||on|||||&#8220; background_layout=&#8220;dark&#8220; custom_margin=&#8220;||||false|false&#8220; custom_padding=&#8220;|||0px|false|false&#8220; global_colors_info=&#8220;{}&#8220;][\/et_pb_button][\/et_pb_column][\/et_pb_row][\/et_pb_section][et_pb_section fb_built=&#8220;1&#8243; admin_label=&#8220;Services&#8220; _builder_version=&#8220;4.16&#8243; global_colors_info=&#8220;{}&#8220; title_text_tablet=&#8220;upholsterer-41&#8243;][et_pb_row column_structure=&#8220;1_2,1_2&#8243; _builder_version=&#8220;4.16&#8243; custom_margin=&#8220;6%||6%||true|false&#8220; custom_padding=&#8220;||||false|false&#8220; global_colors_info=&#8220;{}&#8220;][et_pb_column type=&#8220;1_2&#8243; _builder_version=&#8220;4.16&#8243; border_width_all=&#8220;2px&#8220; border_color_all=&#8220;#bea88f&#8220; global_colors_info=&#8220;{}&#8220;][et_pb_blurb title=&#8220;Kaufen&#8220; image=&#8220;https:\/\/inmobi888.com\/wp-content\/uploads\/2025\/12\/compra.jpg&#8220; content_max_width=&#8220;100%&#8220; _builder_version=&#8220;4.27.4&#8243; header_level=&#8220;h3&#8243; header_font=&#8220;Prata||||||||&#8220; header_font_size=&#8220;35px&#8220; header_line_height=&#8220;1.2em&#8220; transform_translate=&#8220;-10%|-10%&#8220; text_orientation=&#8220;right&#8220; animation_style=&#8220;slide&#8220; animation_direction=&#8220;bottom&#8220; animation_duration=&#8220;700ms&#8220; animation_intensity_slide=&#8220;2%&#8220; animation=&#8220;off&#8220; header_font_size_tablet=&#8220;28px&#8220; header_font_size_phone=&#8220;22px&#8220; header_font_size_last_edited=&#8220;on|phone&#8220; locked=&#8220;off&#8220; global_colors_info=&#8220;{}&#8220;][\/et_pb_blurb][\/et_pb_column][et_pb_column type=&#8220;1_2&#8243; _builder_version=&#8220;4.16&#8243; custom_padding=&#8220;||80px||false|false&#8220; global_colors_info=&#8220;{}&#8220;][et_pb_text _builder_version=&#8220;4.27.4&#8243; header_2_font=&#8220;Prata||||||||&#8220; header_2_line_height=&#8220;1.8em&#8220; header_4_font=&#8220;|700||on|||||&#8220; header_4_text_color=&#8220;#bea88f&#8220; header_4_font_size=&#8220;12px&#8220; header_4_letter_spacing=&#8220;2.6px&#8220; header_4_line_height=&#8220;1.6em&#8220; header_2_font_size_tablet=&#8220;22px&#8220; header_2_font_size_phone=&#8220;20px&#8220; header_2_font_size_last_edited=&#8220;on|phone&#8220; header_4_font_size_tablet=&#8220;&#8220; header_4_font_size_phone=&#8220;&#8220; header_4_font_size_last_edited=&#8220;on|phone&#8220; locked=&#8220;off&#8220; global_colors_info=&#8220;{}&#8220;]<\/p>\n<h4>KAUFEN<\/h4>\n<h2>Der intelligente Ansatz f\u00fcr den Kauf Ihres Hauses.<\/h2>\n<p>[\/et_pb_text][et_pb_text _builder_version=&#8220;4.27.4&#8243; _module_preset=&#8220;default&#8220; text_font_size=&#8220;18px&#8220; global_colors_info=&#8220;{}&#8220;]<\/p>\n<p data-path-to-node=\"1\" style=\"text-align: justify;\">Wir wissen, dass die Suche nach Ihrem idealen Zuhause Zeit, Wissen und eine pr\u00e4zise Strategie erfordert. Unser Service ist darauf ausgerichtet, Sie von der Komplexit\u00e4t des Prozesses zu befreien und sicherzustellen, dass Ihr Weg zur perfekten Immobilie so effizient und sicher wie m\u00f6glich ist. <\/p>\n<p data-path-to-node=\"2\">Wir beginnen jede Zusammenarbeit mit <b>aktivem Zuh\u00f6ren<\/b> und einem detaillierten Prozess, um <b>genau die Art von Immobilie zu erfassen, die<\/b> Sie suchen. Dabei definieren wir nicht nur die Lage und die Eigenschaften, sondern auch Ihre langfristigen Ziele.<\/p>\n<p data-path-to-node=\"3\">Nachdem wir Ihr Profil erstellt haben, f\u00fchrt unser Team eine ausf\u00fchrliche <b>Marktstudie<\/b> durch. Wir analysieren den realen Wert von Immobilien, Preistrends und das verf\u00fcgbare Angebot. Diese Informationen bilden die Grundlage f\u00fcr die <b>Suche nach Verk\u00e4ufern, die<\/b> Ihren Anforderungen <b>entsprechen<\/b>, und filtern den Markt mit einer viel h\u00f6heren <b>Filterrate<\/b> als bei der Standardsuche.  <\/p>\n<p data-path-to-node=\"4\">Dieser Einsatz f\u00fcr die <b>Marktfilterung<\/b> <b>erspart<\/b> Ihnen <b>Hunderte von Stunden<\/b> an vergeblichen Besichtigungen und beseitigt die <b>Sorge<\/b>, Chancen zu verpassen. Unsere Arbeit erstreckt sich auf die <b>Abwicklung aller<\/b> rechtlichen <b>Formalit\u00e4ten<\/b> und die direkte <b>Verhandlung<\/b> mit dem Verk\u00e4ufer, um sicherzustellen, dass die besten finanziellen Bedingungen zu Ihren Gunsten gesichert werden. <b>Wir vereinfachen den Prozess<\/b> f\u00fcr Sie und fungieren in allen Phasen des Kaufs als Ihr einziger spezialisierter Ansprechpartner. <\/p>\n<p>[\/et_pb_text][\/et_pb_column][\/et_pb_row][et_pb_row column_structure=&#8220;1_2,1_2&#8243; _builder_version=&#8220;4.16&#8243; custom_margin=&#8220;6%||6%||true|false&#8220; custom_padding=&#8220;||||false|false&#8220; global_colors_info=&#8220;{}&#8220;][et_pb_column type=&#8220;1_2&#8243; _builder_version=&#8220;4.16&#8243; custom_padding=&#8220;||80px||false|false&#8220; global_colors_info=&#8220;{}&#8220;][et_pb_text _builder_version=&#8220;4.27.4&#8243; header_2_font=&#8220;Prata||||||||&#8220; header_2_line_height=&#8220;1.8em&#8220; header_4_font=&#8220;|700||on|||||&#8220; header_4_text_color=&#8220;#bea88f&#8220; header_4_font_size=&#8220;12px&#8220; header_4_letter_spacing=&#8220;2.6px&#8220; header_4_line_height=&#8220;1.6em&#8220; header_2_font_size_tablet=&#8220;22px&#8220; header_2_font_size_phone=&#8220;20px&#8220; header_2_font_size_last_edited=&#8220;on|phone&#8220; header_4_font_size_tablet=&#8220;&#8220; header_4_font_size_phone=&#8220;&#8220; header_4_font_size_last_edited=&#8220;on|phone&#8220; locked=&#8220;off&#8220; global_colors_info=&#8220;{}&#8220;]<\/p>\n<h4>Reformen<\/h4>\n<h2>Umfassendes Refurbishment Management: Verwandeln Sie Ihre Vision in Realit\u00e4t.<\/h2>\n<p>[\/et_pb_text][et_pb_text _builder_version=&#8220;4.27.4&#8243; _module_preset=&#8220;default&#8220; text_font_size=&#8220;18px&#8220; global_colors_info=&#8220;{}&#8220;]<\/p>\n<p data-path-to-node=\"1\" style=\"text-align: justify;\">Um eine Immobilie in ein Traumhaus zu verwandeln oder sie f\u00fcr einen erfolgreichen Verkauf vorzubereiten, bedarf es einer Vision, Planung und fachm\u00e4nnischer Ausf\u00fchrung. Unser Renovierungsservice ist so konzipiert, dass er eine <b>umfassende L\u00f6sung<\/b> bietet, die sicherstellt, dass sich Ihre Investition in <b>maximalem Wert<\/b> und Funktionalit\u00e4t niederschl\u00e4gt. <\/p>\n<p data-path-to-node=\"2\">Wir k\u00fcmmern uns um das <b>komplette Projektmanagement<\/b>, von der <b>Konzeption des Entwurfs<\/b> bis zur endg\u00fcltigen Schl\u00fcssel\u00fcbergabe. Wir bieten <b>geschlossene Kostenvoranschl\u00e4ge ohne \u00dcberraschungen<\/b> und k\u00fcmmern uns um die <b>Verwaltung von Genehmigungen<\/b> und Lizenzen, wodurch Sie Zeit und Verwaltungsaufwand sparen. <\/p>\n<p data-path-to-node=\"3\">Wir koordinieren <b>qualifizierte Fachleute<\/b> und beaufsichtigen die Arbeiten, um die <b>h\u00f6chste Qualit\u00e4t der<\/b> Ausf\u00fchrung und die <b>strikte Einhaltung der Fristen<\/b> zu gew\u00e4hrleisten. Mit diesem Ansatz wird die <b>Renovierung zu einem einfachen Prozess<\/b>, der f\u00fcr Sie keinen Stress bedeutet. Das Endergebnis ist ein optimiertes, \u00e4sthetisch verbessertes Haus mit einer <b>deutlichen Aufwertung des Marktes<\/b>.  <\/p>\n<p>[\/et_pb_text][\/et_pb_column][et_pb_column type=&#8220;1_2&#8243; _builder_version=&#8220;4.16&#8243; background_color=&#8220;#bea88f&#8220; global_colors_info=&#8220;{}&#8220;][et_pb_blurb title=&#8220;Reformen&#8220; image=&#8220;https:\/\/inmobi888.com\/wp-content\/uploads\/2025\/12\/reformas.jpg&#8220; content_max_width=&#8220;100%&#8220; _builder_version=&#8220;4.27.4&#8243; header_level=&#8220;h3&#8243; header_font=&#8220;Prata||||||||&#8220; header_font_size=&#8220;35px&#8220; header_line_height=&#8220;1.2em&#8220; transform_translate=&#8220;10%|-10%&#8220; transform_translate_linked=&#8220;off&#8220; background_layout=&#8220;dark&#8220; animation_style=&#8220;slide&#8220; animation_direction=&#8220;bottom&#8220; animation_duration=&#8220;700ms&#8220; animation_intensity_slide=&#8220;2%&#8220; animation=&#8220;off&#8220; header_font_size_tablet=&#8220;28px&#8220; header_font_size_phone=&#8220;22px&#8220; header_font_size_last_edited=&#8220;on|phone&#8220; locked=&#8220;off&#8220; global_colors_info=&#8220;{}&#8220;][\/et_pb_blurb][\/et_pb_column][\/et_pb_row][et_pb_row column_structure=&#8220;1_2,1_2&#8243; _builder_version=&#8220;4.16&#8243; custom_margin=&#8220;6%||6%||true|false&#8220; custom_padding=&#8220;||||false|false&#8220; locked=&#8220;off&#8220; global_colors_info=&#8220;{}&#8220;][et_pb_column type=&#8220;1_2&#8243; _builder_version=&#8220;4.16&#8243; border_width_all=&#8220;2px&#8220; border_color_all=&#8220;#000000&#8243; global_colors_info=&#8220;{}&#8220;][et_pb_blurb title=&#8220;Verkauf&#8220; image=&#8220;https:\/\/inmobi888.com\/wp-content\/uploads\/2025\/12\/venta.jpg&#8220; content_max_width=&#8220;100%&#8220; _builder_version=&#8220;4.27.4&#8243; header_level=&#8220;h3&#8243; header_font=&#8220;Prata||||||||&#8220; header_font_size=&#8220;35px&#8220; header_line_height=&#8220;1.2em&#8220; transform_translate=&#8220;-10%|-10%&#8220; text_orientation=&#8220;right&#8220; custom_margin_tablet=&#8220;-60px|60px|30px|-60px|false|false&#8220; custom_margin_phone=&#8220;-30px|30px|20px|-30px|false|false&#8220; custom_margin_last_edited=&#8220;off|desktop&#8220; animation_style=&#8220;slide&#8220; animation_direction=&#8220;bottom&#8220; animation_duration=&#8220;700ms&#8220; animation_intensity_slide=&#8220;2%&#8220; animation=&#8220;off&#8220; header_font_size_tablet=&#8220;28px&#8220; header_font_size_phone=&#8220;22px&#8220; header_font_size_last_edited=&#8220;on|phone&#8220; locked=&#8220;off&#8220; global_colors_info=&#8220;{}&#8220;][\/et_pb_blurb][\/et_pb_column][et_pb_column type=&#8220;1_2&#8243; _builder_version=&#8220;4.16&#8243; custom_padding=&#8220;||80px||false|false&#8220; global_colors_info=&#8220;{}&#8220;][et_pb_text _builder_version=&#8220;4.27.4&#8243; header_2_font=&#8220;Prata||||||||&#8220; header_2_line_height=&#8220;1.8em&#8220; header_4_font=&#8220;|700||on|||||&#8220; header_4_text_color=&#8220;#bea88f&#8220; header_4_font_size=&#8220;12px&#8220; header_4_letter_spacing=&#8220;2.6px&#8220; header_4_line_height=&#8220;1.6em&#8220; custom_margin=&#8220;||34px|||&#8220; header_2_font_size_tablet=&#8220;22px&#8220; header_2_font_size_phone=&#8220;20px&#8220; header_2_font_size_last_edited=&#8220;on|phone&#8220; header_4_font_size_tablet=&#8220;&#8220; header_4_font_size_phone=&#8220;&#8220; header_4_font_size_last_edited=&#8220;on|phone&#8220; locked=&#8220;off&#8220; global_colors_info=&#8220;{}&#8220;]<\/p>\n<h4>VERKAUF<\/h4>\n<h2>Verkaufsstrategien zur Maximierung Ihres Gewinns<\/h2>\n<p>[\/et_pb_text][et_pb_text _builder_version=&#8220;4.27.4&#8243; _module_preset=&#8220;default&#8220; text_font_size=&#8220;18px&#8220; global_colors_info=&#8220;{}&#8220;]<\/p>\n<p data-path-to-node=\"1\">Der Verkauf Ihrer Immobilie erfordert mehr als nur die blo\u00dfe Auflistung, er erfordert eine pr\u00e4zise Preisstrategie und eine tadellose Pr\u00e4sentation. Unser Service ist darauf ausgerichtet, <b>den Verkauf zu optimieren<\/b> und sicherzustellen, dass Sie in k\u00fcrzester Zeit und mit gr\u00f6\u00dftm\u00f6glicher Sicherheit den <b>maximalen Preis<\/b> erzielen. <\/p>\n<p data-path-to-node=\"2\">Unser Prozess beginnt mit einer <b>umfassenden Bewertung der Immobilie<\/b>, die f\u00fcr einen erfolgreichen Wettbewerb auf dem Markt unerl\u00e4sslich ist. Diese Bewertung wird durch eine <b>detaillierte Studie der Gegend<\/b> erg\u00e4nzt. Dieser datengest\u00fctzte Ansatz erm\u00f6glicht es uns, <b>den wahren Wert<\/b> und die beste Exit-Strategie f\u00fcr Ihre Immobilie <b>zu ermitteln<\/b>.  <\/p>\n<p data-path-to-node=\"3\">Als n\u00e4chstes konzentrieren wir uns auf die Sichtbarkeit. Wir wenden hochwertige Pr\u00e4sentationsstrategien an, wie z. B. <b>professionelle Fotografie<\/b> und gezielte <i>Marketingpl\u00e4ne<\/i>, um maximale <b>Sichtbarkeit<\/b> zu gew\u00e4hrleisten und wirklich qualifizierte K\u00e4ufer anzuziehen. <\/p>\n<p data-path-to-node=\"4\">Unsere Hauptaufgabe ist die <b>Verhandlung<\/b>. Wir verteidigen Ihre Interessen bei jedem Angebot und garantieren, dass der Verkaufsprozess profitabel ist. Schlie\u00dflich k\u00fcmmern wir uns um alle rechtlichen, steuerlichen und notariellen <b>Unterlagen und Formalit\u00e4ten<\/b>, um einen <b>schnellen, transparenten und sorgenfreien Abschluss des Verkaufs<\/b> f\u00fcr Sie zu gew\u00e4hrleisten. Verlassen Sie sich auf unser Wissen, um Ihre Immobilie erfolgreich zu verkaufen.   <\/p>\n<p data-path-to-node=\"4\">Zus\u00e4tzlich zu unserem pers\u00f6nlichen Service f\u00fcr Privatkunden sind wir Ihr <b>strategischer Partner bei der Vermarktung von Neubauprojekten: Wir <\/b>k\u00fcmmern uns um die <strong>exklusive Vermarktung der beworbenen Immobilien<\/strong>, erstellen zielgerichtete <i>Marketingkampagnen<\/i>, verwalten das Portfolio interessierter Kunden und schlie\u00dfen Verk\u00e4ufe effizient ab, um einen schnellen Cashflow zu garantieren und die Verkaufszeit Ihres Projekts zu optimieren.<\/p>\n<p>[\/et_pb_text][\/et_pb_column][\/et_pb_row][et_pb_row column_structure=&#8220;1_2,1_2&#8243; _builder_version=&#8220;4.16&#8243; custom_margin=&#8220;6%||6%||true|false&#8220; custom_padding=&#8220;||||false|false&#8220; global_colors_info=&#8220;{}&#8220;][et_pb_column type=&#8220;1_2&#8243; _builder_version=&#8220;4.16&#8243; custom_padding=&#8220;||80px||false|false&#8220; global_colors_info=&#8220;{}&#8220;][et_pb_text _builder_version=&#8220;4.27.4&#8243; header_2_font=&#8220;Prata||||||||&#8220; header_2_line_height=&#8220;1.8em&#8220; header_4_font=&#8220;|700||on|||||&#8220; header_4_text_color=&#8220;#bea88f&#8220; header_4_font_size=&#8220;12px&#8220; header_4_letter_spacing=&#8220;2.6px&#8220; header_4_line_height=&#8220;1.6em&#8220; hover_enabled=&#8220;0&#8243; header_2_font_size_tablet=&#8220;22px&#8220; header_2_font_size_phone=&#8220;20px&#8220; header_2_font_size_last_edited=&#8220;on|phone&#8220; header_4_font_size_tablet=&#8220;&#8220; header_4_font_size_phone=&#8220;&#8220; header_4_font_size_last_edited=&#8220;on|phone&#8220; locked=&#8220;off&#8220; global_colors_info=&#8220;{}&#8220; sticky_enabled=&#8220;0&#8243;]<\/p>\n<h4>ANDERE<\/h4>\n<h2>  Erg\u00e4nzende Dienstleistungen<\/h2>\n<p>[\/et_pb_text][et_pb_text _builder_version=&#8220;4.27.4&#8243; _module_preset=&#8220;default&#8220; text_font_size=&#8220;18px&#8220; hover_enabled=&#8220;0&#8243; global_colors_info=&#8220;{}&#8220; sticky_enabled=&#8220;0&#8243;]<\/p>\n<p data-path-to-node=\"5\">Wir wissen, dass der Kauf oder die Anmietung nur ein Teil der Reise ist. Deshalb haben wir ein spezialisiertes technisches Team integriert, das Ihnen eine <b>360\u00ba-Verwaltung<\/b> Ihrer Immobilie bietet und daf\u00fcr sorgt, dass alles in Ordnung ist, von der Legalit\u00e4t bis zur Effizienz. <\/p>\n<p data-path-to-node=\"5\">Wir unterst\u00fctzen Sie bei der Bearbeitung aller rechtlichen und technischen Anforderungen, die Sie ben\u00f6tigen. Wir k\u00fcmmern uns um alle <b>Baugenehmigungsprojekte<\/b>, die f\u00fcr den Bau, die Umgestaltung oder die Legalisierung einer Immobilie erforderlich sind. Wenn Ihre Immobilie verwaltungstechnische Anpassungen erfordert, f\u00fchren wir <b>Katasterverfahren<\/b> durch, einschlie\u00dflich der Aktualisierung von Daten oder <b>Altersbescheinigungen<\/b> von Geb\u00e4uden.  <\/p>\n<p data-path-to-node=\"6\">Genauigkeit ist entscheidend. Aus diesem Grund bieten wir detaillierte <b>Vermessungsdienstleistungen<\/b> an und f\u00fchren bei Grundst\u00fccken <b>Landvermessungen mit<\/b> georeferenzierten <b>Koordinaten<\/b> (GML) durch, die f\u00fcr die Abgrenzung und Registrierung unerl\u00e4sslich sind. <\/p>\n<p data-path-to-node=\"7\">Wir erstellen auch alle <b>Wohnungsnachweise<\/b> und nat\u00fcrlich die obligatorischen <b>Energieausweise<\/b> f\u00fcr jede Transaktion. Wenn Sie ein kommerzielles Interesse haben, bereiten wir <b>Aktivit\u00e4tsprojekte (Gesch\u00e4ftsr\u00e4ume)<\/b> vor und sorgen daf\u00fcr, dass Ihr Unternehmen alle geltenden Vorschriften erf\u00fcllt. <\/p>\n<p data-path-to-node=\"8\">Vertrauen Sie auf das technische Know-how, das Ihnen bei all Ihren Gesch\u00e4ften <b>Ruhe und Rechtssicherheit<\/b> garantiert.<\/p>\n<p>[\/et_pb_text][\/et_pb_column][et_pb_column type=&#8220;1_2&#8243; _builder_version=&#8220;4.16&#8243; background_color=&#8220;#bea88f&#8220; global_colors_info=&#8220;{}&#8220;][et_pb_blurb title=&#8220;Erg\u00e4nzende Dienstleistungen&#8220; image=&#8220;https:\/\/inmobi888.com\/wp-content\/uploads\/2025\/12\/otros-servicios.jpg&#8220; content_max_width=&#8220;100%&#8220; _builder_version=&#8220;4.27.4&#8243; header_level=&#8220;h3&#8243; header_font=&#8220;Prata||||||||&#8220; header_font_size=&#8220;35px&#8220; header_line_height=&#8220;1.2em&#8220; transform_translate=&#8220;10%|-10%&#8220; transform_translate_linked=&#8220;off&#8220; background_layout=&#8220;dark&#8220; animation_style=&#8220;slide&#8220; animation_direction=&#8220;bottom&#8220; animation_duration=&#8220;700ms&#8220; animation_intensity_slide=&#8220;2%&#8220; animation=&#8220;off&#8220; hover_enabled=&#8220;0&#8243; header_font_size_tablet=&#8220;28px&#8220; header_font_size_phone=&#8220;22px&#8220; header_font_size_last_edited=&#8220;on|phone&#8220; locked=&#8220;off&#8220; global_colors_info=&#8220;{}&#8220; title_text=&#8220;otros servicios inmobi888&#8243; sticky_enabled=&#8220;0&#8243;][\/et_pb_blurb][\/et_pb_column][\/et_pb_row][\/et_pb_section]<\/p>\n","protected":false},"excerpt":{"rendered":"<p>Unsere DienstleistungenBauen Sie Ihre Zukunft. Wir begleiten Sie. KAUFEN Der intelligente Ansatz f\u00fcr den Kauf Ihres Hauses.Wir wissen, dass die Suche nach Ihrem idealen Zuhause Zeit, Wissen und eine pr\u00e4zise Strategie erfordert. Unser Service ist darauf ausgerichtet, Sie von der Komplexit\u00e4t des Prozesses zu befreien und sicherzustellen, dass Ihr Weg zur perfekten Immobilie so effizient [&hellip;]<\/p>\n","protected":false},"author":1,"featured_media":0,"parent":0,"menu_order":0,"comment_status":"closed","ping_status":"closed","template":"","meta":{"_et_pb_use_builder":"on","_et_pb_old_content":"","_et_gb_content_width":"","footnotes":""},"class_list":["post-100775","page","type-page","status-publish","hentry"],"_hostinger_reach_plugin_has_subscription_block":false,"_hostinger_reach_plugin_is_elementor":false,"_links":{"self":[{"href":"https:\/\/inmobi888.com\/de\/wp-json\/wp\/v2\/pages\/100775","targetHints":{"allow":["GET"]}}],"collection":[{"href":"https:\/\/inmobi888.com\/de\/wp-json\/wp\/v2\/pages"}],"about":[{"href":"https:\/\/inmobi888.com\/de\/wp-json\/wp\/v2\/types\/page"}],"author":[{"embeddable":true,"href":"https:\/\/inmobi888.com\/de\/wp-json\/wp\/v2\/users\/1"}],"replies":[{"embeddable":true,"href":"https:\/\/inmobi888.com\/de\/wp-json\/wp\/v2\/comments?post=100775"}],"version-history":[{"count":6,"href":"https:\/\/inmobi888.com\/de\/wp-json\/wp\/v2\/pages\/100775\/revisions"}],"predecessor-version":[{"id":100793,"href":"https:\/\/inmobi888.com\/de\/wp-json\/wp\/v2\/pages\/100775\/revisions\/100793"}],"wp:attachment":[{"href":"https:\/\/inmobi888.com\/de\/wp-json\/wp\/v2\/media?parent=100775"}],"curies":[{"name":"wp","href":"https:\/\/api.w.org\/{rel}","templated":true}]}}